{"id":28,"date":"2013-02-12T18:25:55","date_gmt":"2013-02-12T16:25:55","guid":{"rendered":"http:\/\/www.makeartestonia.eu\/?page_id=28"},"modified":"2013-03-14T11:34:33","modified_gmt":"2013-03-14T09:34:33","slug":"our-values","status":"publish","type":"page","link":"http:\/\/www.makeartestonia.eu\/?page_id=28","title":{"rendered":"Our values"},"content":{"rendered":"<p>Our values are based on honesty and mutual trust, on willingness to take initiative as well as on courage to take responsibility.<\/p>\n<p>We believe in cooperation between people, we create and support new ideas. We will listen to people wiser than us, we will pass our knowledge on to others. We are politically and religiously unbiased, and we do not approve of narrow-minded and self-centred thinking.<\/p>\n<p>Based on our vision for the future, we honour individuality and creativity. We support the quality education that meets the different needs and abilities, and we acknowledge that people achieve their goals in different ways in a free society.<\/p>\n<p>&nbsp;<\/p>\n<p><strong>MEIE V\u00c4\u00c4RTUSED:<\/strong><\/p>\n<p>Meie v\u00e4\u00e4rtused p\u00f5hinevad aususel ja vastastikusel usaldusel, julgusel vastutada ning haarata initsiatiivi.<\/p>\n<p>Oleme avatud koost\u00f6\u00f6ks, algatame ja toetame uusi ideid &#8211; meil on valmisolek teisi kuulata, teavitada ja selgitada. Taunime enesekeskset m\u00f5tlemist ning oleme poliitiliselt s\u00f5ltumatud.<\/p>\n<p>Omades visiooni sellest, kuhu me tahame j\u00f5uda, austame individuaalsust ja loovust. Toetame v\u00f5imete ja vajadustekohast parimat haridust ning tunnustame, et vabad inimesed taotlevad oma eesm\u00e4rke erineval viisil.<\/p>\n<p>&nbsp;<\/p>\n","protected":false},"excerpt":{"rendered":"<p>Our values are based on honesty and mutual trust, on willingness to take initiative as well as on courage to take responsibility. We believe in cooperation between people, we create and support new ideas. We will listen to people wiser &hellip; <a href=\"http:\/\/www.makeartestonia.eu\/?page_id=28\">J\u00e4tka lugemist <span class=\"meta-nav\">&rarr;<\/span><\/a><\/p>\n","protected":false},"author":1,"featured_media":0,"parent":0,"menu_order":0,"comment_status":"open","ping_status":"open","template":"","meta":{"footnotes":""},"class_list":["post-28","page","type-page","status-publish","hentry"],"_links":{"self":[{"href":"http:\/\/www.makeartestonia.eu\/index.php?rest_route=\/wp\/v2\/pages\/28","targetHints":{"allow":["GET"]}}],"collection":[{"href":"http:\/\/www.makeartestonia.eu\/index.php?rest_route=\/wp\/v2\/pages"}],"about":[{"href":"http:\/\/www.makeartestonia.eu\/index.php?rest_route=\/wp\/v2\/types\/page"}],"author":[{"embeddable":true,"href":"http:\/\/www.makeartestonia.eu\/index.php?rest_route=\/wp\/v2\/users\/1"}],"replies":[{"embeddable":true,"href":"http:\/\/www.makeartestonia.eu\/index.php?rest_route=%2Fwp%2Fv2%2Fcomments&post=28"}],"version-history":[{"count":6,"href":"http:\/\/www.makeartestonia.eu\/index.php?rest_route=\/wp\/v2\/pages\/28\/revisions"}],"predecessor-version":[{"id":1340,"href":"http:\/\/www.makeartestonia.eu\/index.php?rest_route=\/wp\/v2\/pages\/28\/revisions\/1340"}],"wp:attachment":[{"href":"http:\/\/www.makeartestonia.eu\/index.php?rest_route=%2Fwp%2Fv2%2Fmedia&parent=28"}],"curies":[{"name":"wp","href":"https:\/\/api.w.org\/{rel}","templated":true}]}}